{"id":67,"date":"2025-04-09T01:18:38","date_gmt":"2025-04-08T23:18:38","guid":{"rendered":"https:\/\/unpcpourmoi.fr\/?page_id=67"},"modified":"2025-09-16T23:27:10","modified_gmt":"2025-09-16T21:27:10","slug":"netoyage","status":"publish","type":"page","link":"https:\/\/unpcpourmoi.fr\/?page_id=67","title":{"rendered":"Nettoyage"},"content":{"rendered":"\n<div class=\"wp-block-buttons is-layout-flex wp-block-buttons-is-layout-flex\">\n<div class=\"wp-block-button has-custom-width wp-block-button__width-25 has-custom-font-size is-style-fill has-small-font-size\"><a class=\"wp-block-button__link has-luminous-vivid-amber-color has-text-color has-link-color has-text-align-center wp-element-button\" href=\"https:\/\/unpcpourmoi.fr\/?page_id=12\" style=\"padding-right:0;padding-left:0\">Contact<\/a><\/div>\n\n\n\n<div class=\"wp-block-button has-custom-width wp-block-button__width-50 has-custom-font-size has-small-font-size\"><a class=\"wp-block-button__link has-luminous-vivid-amber-color has-text-color has-link-color wp-element-button\" href=\"https:\/\/unpcpourmoi.fr\/?page_id=7\" style=\"border-style:none;border-width:0px;border-radius:0px;padding-top:0;padding-right:0;padding-bottom:0;padding-left:0\">Accueil<\/a><\/div>\n\n\n\n<div class=\"wp-block-button has-custom-width wp-block-button__width-25 has-custom-font-size has-small-font-size\"><a class=\"wp-block-button__link has-luminous-vivid-amber-color has-text-color has-link-color wp-element-button\" href=\"https:\/\/unpcpourmoi.fr\/?page_id=14\" style=\"padding-right:0;padding-left:0\">Service<\/a><\/div>\n<\/div>\n\n\n\n<p class=\"has-text-align-center has-border-color has-light-green-cyan-border-color\" style=\"border-width:1px\">UNPCPOURMOI<\/p>\n\n\n\n<div class=\"wp-block-columns is-layout-flex wp-container-core-columns-is-layout-28f84493 wp-block-columns-is-layout-flex\">\n<div class=\"wp-block-column is-layout-flow wp-block-column-is-layout-flow\">\n<h2 class=\"wp-block-heading has-text-align-center has-border-color has-light-green-cyan-border-color has-light-green-cyan-background-color has-background has-montserrat-font-family has-x-large-font-size\" style=\"border-width:1px;border-radius:0px;text-decoration:underline\">Nettoyage logiciel<\/h2>\n\n\n\n<p class=\"has-border-color has-light-green-cyan-border-color has-medium-font-size\" style=\"border-width:1px\">La poussi\u00e8re et la chaleur r\u00e9duisent les performances et la dur\u00e9e de vie de votre ordinateur. Avec un nettoyage complet, votre machine retrouve stabilit\u00e9 et silence.<\/p>\n\n\n\n<p class=\"has-border-color has-light-green-cyan-border-color has-medium-font-size\" style=\"border-width:1px\">\ud83d\udd27 D\u00e9poussi\u00e9rage interne<br>\ud83d\udd27 Ventilation optimis\u00e9e<br>\ud83d\udd27 P\u00e2te thermique renouvel\u00e9e (si n\u00e9cessaire ) <br>\ud83d\udd27 Composants prot\u00e9g\u00e9s<\/p>\n\n\n\n<p class=\"has-border-color has-light-green-cyan-border-color has-medium-font-size\" style=\"border-width:1px;text-decoration:underline\">\ud83d\udc49 <strong>R\u00e9sultat : un PC plus fiable, plus durable, pr\u00eat \u00e0 vous suivre longtemps.<\/strong><\/p>\n<\/div>\n\n\n\n<div class=\"wp-block-column is-layout-flow wp-block-column-is-layout-flow\">\n<h2 class=\"wp-block-heading has-text-align-center has-border-color has-light-green-cyan-border-color has-light-green-cyan-background-color has-background has-montserrat-font-family has-x-large-font-size\" style=\"border-width:1px;text-decoration:underline\">Nettoyage mat\u00e9riel<\/h2>\n\n\n\n<p class=\"has-text-align-center has-border-color has-light-green-cyan-border-color has-medium-font-size\" style=\"border-width:1px\">Un nettoyage logiciel complet lib\u00e8re de l\u2019espace, am\u00e9liore la vitesse et prot\u00e8ge vos donn\u00e9es.<\/p>\n\n\n\n<p class=\"has-border-color has-light-green-cyan-border-color has-medium-font-size\" style=\"border-width:1px\">\ud83d\udd27 Suppression des fichiers inutiles<br>\ud83d\udd27 Optimisation du syst\u00e8me<br>\ud83d\udd27 Nettoyage des programmes ind\u00e9sirables<br>\ud83d\udd27 Protection antivirus renforc\u00e9e<\/p>\n\n\n\n<p class=\"has-border-color has-light-green-cyan-border-color has-medium-font-size\" style=\"border-width:1px;text-decoration:underline\">\ud83d\udc49 <strong>R\u00e9sultat : un PC plus rapide, plus s\u00fbr et plus agr\u00e9able \u00e0 utiliser.<\/strong><\/p>\n\n\n\n<p class=\"has-text-align-center has-medium-font-size\"><br><\/p>\n<\/div>\n<\/div>\n\n\n\n<h2 class=\"wp-block-heading has-text-align-center has-light-green-cyan-background-color has-background has-montserrat-font-family has-x-large-font-size\"><a href=\"https:\/\/unpcpourmoi.fr\/?page_id=12\">N&rsquo;attendez plus pour votre diagnostic !!!<\/a><\/h2>\n\n\n\n<div class=\"wp-block-group alignfull is-layout-constrained wp-block-group-is-layout-constrained\">\n<div class=\"wp-block-group alignwide is-layout-flow wp-block-group-is-layout-flow\" style=\"padding-top:4rem;padding-bottom:4rem\">\n<ul class=\"wp-block-social-links has-icon-color has-icon-background-color is-content-justification-center is-layout-flex wp-container-core-social-links-is-layout-a89b3969 wp-block-social-links-is-layout-flex\"><li style=\"color:var(--wp--preset--color--foreground);background-color:var(--wp--preset--color--background);\" class=\"wp-social-link wp-social-link-instagram has-foreground-color has-background-background-color wp-block-social-link\"><a href=\"#\" class=\"wp-block-social-link-anchor\"><svg width=\"24\" height=\"24\" viewBox=\"0 0 24 24\" version=\"1.1\" xmlns=\"http:\/\/www.w3.org\/2000\/svg\" aria-hidden=\"true\" focusable=\"false\"><path d=\"M12,4.622c2.403,0,2.688,0.009,3.637,0.052c0.877,0.04,1.354,0.187,1.671,0.31c0.42,0.163,0.72,0.358,1.035,0.673 c0.315,0.315,0.51,0.615,0.673,1.035c0.123,0.317,0.27,0.794,0.31,1.671c0.043,0.949,0.052,1.234,0.052,3.637 s-0.009,2.688-0.052,3.637c-0.04,0.877-0.187,1.354-0.31,1.671c-0.163,0.42-0.358,0.72-0.673,1.035 c-0.315,0.315-0.615,0.51-1.035,0.673c-0.317,0.123-0.794,0.27-1.671,0.31c-0.949,0.043-1.233,0.052-3.637,0.052 s-2.688-0.009-3.637-0.052c-0.877-0.04-1.354-0.187-1.671-0.31c-0.42-0.163-0.72-0.358-1.035-0.673 c-0.315-0.315-0.51-0.615-0.673-1.035c-0.123-0.317-0.27-0.794-0.31-1.671C4.631,14.688,4.622,14.403,4.622,12 s0.009-2.688,0.052-3.637c0.04-0.877,0.187-1.354,0.31-1.671c0.163-0.42,0.358-0.72,0.673-1.035 c0.315-0.315,0.615-0.51,1.035-0.673c0.317-0.123,0.794-0.27,1.671-0.31C9.312,4.631,9.597,4.622,12,4.622 M12,3 C9.556,3,9.249,3.01,8.289,3.054C7.331,3.098,6.677,3.25,6.105,3.472C5.513,3.702,5.011,4.01,4.511,4.511 c-0.5,0.5-0.808,1.002-1.038,1.594C3.25,6.677,3.098,7.331,3.054,8.289C3.01,9.249,3,9.556,3,12c0,2.444,0.01,2.751,0.054,3.711 c0.044,0.958,0.196,1.612,0.418,2.185c0.23,0.592,0.538,1.094,1.038,1.594c0.5,0.5,1.002,0.808,1.594,1.038 c0.572,0.222,1.227,0.375,2.185,0.418C9.249,20.99,9.556,21,12,21s2.751-0.01,3.711-0.054c0.958-0.044,1.612-0.196,2.185-0.418 c0.592-0.23,1.094-0.538,1.594-1.038c0.5-0.5,0.808-1.002,1.038-1.594c0.222-0.572,0.375-1.227,0.418-2.185 C20.99,14.751,21,14.444,21,12s-0.01-2.751-0.054-3.711c-0.044-0.958-0.196-1.612-0.418-2.185c-0.23-0.592-0.538-1.094-1.038-1.594 c-0.5-0.5-1.002-0.808-1.594-1.038c-0.572-0.222-1.227-0.375-2.185-0.418C14.751,3.01,14.444,3,12,3L12,3z M12,7.378 c-2.552,0-4.622,2.069-4.622,4.622S9.448,16.622,12,16.622s4.622-2.069,4.622-4.622S14.552,7.378,12,7.378z M12,15 c-1.657,0-3-1.343-3-3s1.343-3,3-3s3,1.343,3,3S13.657,15,12,15z M16.804,6.116c-0.596,0-1.08,0.484-1.08,1.08 s0.484,1.08,1.08,1.08c0.596,0,1.08-0.484,1.08-1.08S17.401,6.116,16.804,6.116z\"><\/path><\/svg><span class=\"wp-block-social-link-label screen-reader-text\">Instagram<\/span><\/a><\/li>\n\n<li style=\"color:var(--wp--preset--color--foreground);background-color:var(--wp--preset--color--background);\" class=\"wp-social-link wp-social-link-facebook has-foreground-color has-background-background-color wp-block-social-link\"><a href=\"https:\/\/www.facebook.com\/profile.php?id=61575507867352&#038;sk=about\" class=\"wp-block-social-link-anchor\"><svg width=\"24\" height=\"24\" viewBox=\"0 0 24 24\" version=\"1.1\" xmlns=\"http:\/\/www.w3.org\/2000\/svg\" aria-hidden=\"true\" focusable=\"false\"><path d=\"M12 2C6.5 2 2 6.5 2 12c0 5 3.7 9.1 8.4 9.9v-7H7.9V12h2.5V9.8c0-2.5 1.5-3.9 3.8-3.9 1.1 0 2.2.2 2.2.2v2.5h-1.3c-1.2 0-1.6.8-1.6 1.6V12h2.8l-.4 2.9h-2.3v7C18.3 21.1 22 17 22 12c0-5.5-4.5-10-10-10z\"><\/path><\/svg><span class=\"wp-block-social-link-label screen-reader-text\">https:\/\/www.facebook.com\/profile.php?id=61575507867352&amp;sk=about<\/span><\/a><\/li><\/ul>\n\n\n\n<p class=\"has-text-align-center has-luminous-vivid-amber-color has-text-color has-link-color wp-elements-b5dd2a2d74d73b6ed5739e05e0b25718\" style=\"font-size:16px\">\u00a9 UnPcpourMoi<\/p>\n<\/div>\n<\/div>\n\n\n\n<p><\/p>\n","protected":false},"excerpt":{"rendered":"<p>Nettoyage logiciel La poussi\u00e8re et la chaleur r\u00e9duisent les performances et la dur\u00e9e de vie de votre ordinateur. Avec un nettoyage complet, votre machine retrouve stabilit\u00e9 et silence. \ud83d\udd27 D\u00e9poussi\u00e9rage interne\ud83d\udd27 Ventilation optimis\u00e9e\ud83d\udd27 P\u00e2te thermique renouvel\u00e9e (si n\u00e9cessaire ) \ud83d\udd27 Composants prot\u00e9g\u00e9s \ud83d\udc49 R\u00e9sultat : un PC plus fiable, plus durable, pr\u00eat \u00e0 vous suivre [&hellip;]<\/p>\n","protected":false},"author":1,"featured_media":0,"parent":0,"menu_order":0,"comment_status":"closed","ping_status":"closed","template":"blank","meta":{"footnotes":""},"class_list":["post-67","page","type-page","status-publish","hentry"],"yoast_head":"<!-- This site is optimized with the Yoast SEO plugin v24.9 - https:\/\/yoast.com\/wordpress\/plugins\/seo\/ -->\n<title>Nettoyage - UnPCPourmoi<\/title>\n<meta name=\"robots\" content=\"index, follow, max-snippet:-1, max-image-preview:large, max-video-preview:-1\" \/>\n<link rel=\"canonical\" href=\"https:\/\/unpcpourmoi.fr\/?page_id=67\" \/>\n<meta property=\"og:locale\" content=\"fr_FR\" \/>\n<meta property=\"og:type\" content=\"article\" \/>\n<meta property=\"og:title\" content=\"Nettoyage - UnPCPourmoi\" \/>\n<meta property=\"og:description\" content=\"Nettoyage logiciel La poussi\u00e8re et la chaleur r\u00e9duisent les performances et la dur\u00e9e de vie de votre ordinateur. Avec un nettoyage complet, votre machine retrouve stabilit\u00e9 et silence. \ud83d\udd27 D\u00e9poussi\u00e9rage interne\ud83d\udd27 Ventilation optimis\u00e9e\ud83d\udd27 P\u00e2te thermique renouvel\u00e9e (si n\u00e9cessaire ) \ud83d\udd27 Composants prot\u00e9g\u00e9s \ud83d\udc49 R\u00e9sultat : un PC plus fiable, plus durable, pr\u00eat \u00e0 vous suivre [&hellip;]\" \/>\n<meta property=\"og:url\" content=\"https:\/\/unpcpourmoi.fr\/?page_id=67\" \/>\n<meta property=\"og:site_name\" content=\"UnPCPourmoi\" \/>\n<meta property=\"article:publisher\" content=\"https:\/\/www.facebook.com\/people\/Unpcpourmoi\/61575507867352\/#\" \/>\n<meta property=\"article:modified_time\" content=\"2025-09-16T21:27:10+00:00\" \/>\n<meta name=\"twitter:card\" content=\"summary_large_image\" \/>\n<meta name=\"twitter:label1\" content=\"Dur\u00e9e de lecture estim\u00e9e\" \/>\n\t<meta name=\"twitter:data1\" content=\"3 minutes\" \/>\n<script type=\"application\/ld+json\" class=\"yoast-schema-graph\">{\"@context\":\"https:\/\/schema.org\",\"@graph\":[{\"@type\":\"WebPage\",\"@id\":\"https:\/\/unpcpourmoi.fr\/?page_id=67\",\"url\":\"https:\/\/unpcpourmoi.fr\/?page_id=67\",\"name\":\"Nettoyage - UnPCPourmoi\",\"isPartOf\":{\"@id\":\"https:\/\/unpcpourmoi.fr\/#website\"},\"datePublished\":\"2025-04-08T23:18:38+00:00\",\"dateModified\":\"2025-09-16T21:27:10+00:00\",\"breadcrumb\":{\"@id\":\"https:\/\/unpcpourmoi.fr\/?page_id=67#breadcrumb\"},\"inLanguage\":\"fr-FR\",\"potentialAction\":[{\"@type\":\"ReadAction\",\"target\":[\"https:\/\/unpcpourmoi.fr\/?page_id=67\"]}]},{\"@type\":\"BreadcrumbList\",\"@id\":\"https:\/\/unpcpourmoi.fr\/?page_id=67#breadcrumb\",\"itemListElement\":[{\"@type\":\"ListItem\",\"position\":1,\"name\":\"Accueil\",\"item\":\"https:\/\/unpcpourmoi.fr\/\"},{\"@type\":\"ListItem\",\"position\":2,\"name\":\"Nettoyage\"}]},{\"@type\":\"WebSite\",\"@id\":\"https:\/\/unpcpourmoi.fr\/#website\",\"url\":\"https:\/\/unpcpourmoi.fr\/\",\"name\":\"UnPCPourmoi\",\"description\":\"UnPCPourmoi\",\"publisher\":{\"@id\":\"https:\/\/unpcpourmoi.fr\/#organization\"},\"potentialAction\":[{\"@type\":\"SearchAction\",\"target\":{\"@type\":\"EntryPoint\",\"urlTemplate\":\"https:\/\/unpcpourmoi.fr\/?s={search_term_string}\"},\"query-input\":{\"@type\":\"PropertyValueSpecification\",\"valueRequired\":true,\"valueName\":\"search_term_string\"}}],\"inLanguage\":\"fr-FR\"},{\"@type\":\"Organization\",\"@id\":\"https:\/\/unpcpourmoi.fr\/#organization\",\"name\":\"UnPCPourmoi\",\"url\":\"https:\/\/unpcpourmoi.fr\/\",\"logo\":{\"@type\":\"ImageObject\",\"inLanguage\":\"fr-FR\",\"@id\":\"https:\/\/unpcpourmoi.fr\/#\/schema\/logo\/image\/\",\"url\":\"https:\/\/unpcpourmoi.fr\/wp-content\/uploads\/2025\/04\/cropped-logo-3.png\",\"contentUrl\":\"https:\/\/unpcpourmoi.fr\/wp-content\/uploads\/2025\/04\/cropped-logo-3.png\",\"width\":512,\"height\":512,\"caption\":\"UnPCPourmoi\"},\"image\":{\"@id\":\"https:\/\/unpcpourmoi.fr\/#\/schema\/logo\/image\/\"},\"sameAs\":[\"https:\/\/www.facebook.com\/people\/Unpcpourmoi\/61575507867352\/#\"]}]}<\/script>\n<!-- \/ Yoast SEO plugin. -->","yoast_head_json":{"title":"Nettoyage - UnPCPourmoi","robots":{"index":"index","follow":"follow","max-snippet":"max-snippet:-1","max-image-preview":"max-image-preview:large","max-video-preview":"max-video-preview:-1"},"canonical":"https:\/\/unpcpourmoi.fr\/?page_id=67","og_locale":"fr_FR","og_type":"article","og_title":"Nettoyage - UnPCPourmoi","og_description":"Nettoyage logiciel La poussi\u00e8re et la chaleur r\u00e9duisent les performances et la dur\u00e9e de vie de votre ordinateur. Avec un nettoyage complet, votre machine retrouve stabilit\u00e9 et silence. \ud83d\udd27 D\u00e9poussi\u00e9rage interne\ud83d\udd27 Ventilation optimis\u00e9e\ud83d\udd27 P\u00e2te thermique renouvel\u00e9e (si n\u00e9cessaire ) \ud83d\udd27 Composants prot\u00e9g\u00e9s \ud83d\udc49 R\u00e9sultat : un PC plus fiable, plus durable, pr\u00eat \u00e0 vous suivre [&hellip;]","og_url":"https:\/\/unpcpourmoi.fr\/?page_id=67","og_site_name":"UnPCPourmoi","article_publisher":"https:\/\/www.facebook.com\/people\/Unpcpourmoi\/61575507867352\/#","article_modified_time":"2025-09-16T21:27:10+00:00","twitter_card":"summary_large_image","twitter_misc":{"Dur\u00e9e de lecture estim\u00e9e":"3 minutes"},"schema":{"@context":"https:\/\/schema.org","@graph":[{"@type":"WebPage","@id":"https:\/\/unpcpourmoi.fr\/?page_id=67","url":"https:\/\/unpcpourmoi.fr\/?page_id=67","name":"Nettoyage - UnPCPourmoi","isPartOf":{"@id":"https:\/\/unpcpourmoi.fr\/#website"},"datePublished":"2025-04-08T23:18:38+00:00","dateModified":"2025-09-16T21:27:10+00:00","breadcrumb":{"@id":"https:\/\/unpcpourmoi.fr\/?page_id=67#breadcrumb"},"inLanguage":"fr-FR","potentialAction":[{"@type":"ReadAction","target":["https:\/\/unpcpourmoi.fr\/?page_id=67"]}]},{"@type":"BreadcrumbList","@id":"https:\/\/unpcpourmoi.fr\/?page_id=67#breadcrumb","itemListElement":[{"@type":"ListItem","position":1,"name":"Accueil","item":"https:\/\/unpcpourmoi.fr\/"},{"@type":"ListItem","position":2,"name":"Nettoyage"}]},{"@type":"WebSite","@id":"https:\/\/unpcpourmoi.fr\/#website","url":"https:\/\/unpcpourmoi.fr\/","name":"UnPCPourmoi","description":"UnPCPourmoi","publisher":{"@id":"https:\/\/unpcpourmoi.fr\/#organization"},"potentialAction":[{"@type":"SearchAction","target":{"@type":"EntryPoint","urlTemplate":"https:\/\/unpcpourmoi.fr\/?s={search_term_string}"},"query-input":{"@type":"PropertyValueSpecification","valueRequired":true,"valueName":"search_term_string"}}],"inLanguage":"fr-FR"},{"@type":"Organization","@id":"https:\/\/unpcpourmoi.fr\/#organization","name":"UnPCPourmoi","url":"https:\/\/unpcpourmoi.fr\/","logo":{"@type":"ImageObject","inLanguage":"fr-FR","@id":"https:\/\/unpcpourmoi.fr\/#\/schema\/logo\/image\/","url":"https:\/\/unpcpourmoi.fr\/wp-content\/uploads\/2025\/04\/cropped-logo-3.png","contentUrl":"https:\/\/unpcpourmoi.fr\/wp-content\/uploads\/2025\/04\/cropped-logo-3.png","width":512,"height":512,"caption":"UnPCPourmoi"},"image":{"@id":"https:\/\/unpcpourmoi.fr\/#\/schema\/logo\/image\/"},"sameAs":["https:\/\/www.facebook.com\/people\/Unpcpourmoi\/61575507867352\/#"]}]}},"_links":{"self":[{"href":"https:\/\/unpcpourmoi.fr\/index.php?rest_route=\/wp\/v2\/pages\/67","targetHints":{"allow":["GET"]}}],"collection":[{"href":"https:\/\/unpcpourmoi.fr\/index.php?rest_route=\/wp\/v2\/pages"}],"about":[{"href":"https:\/\/unpcpourmoi.fr\/index.php?rest_route=\/wp\/v2\/types\/page"}],"author":[{"embeddable":true,"href":"https:\/\/unpcpourmoi.fr\/index.php?rest_route=\/wp\/v2\/users\/1"}],"replies":[{"embeddable":true,"href":"https:\/\/unpcpourmoi.fr\/index.php?rest_route=%2Fwp%2Fv2%2Fcomments&post=67"}],"version-history":[{"count":14,"href":"https:\/\/unpcpourmoi.fr\/index.php?rest_route=\/wp\/v2\/pages\/67\/revisions"}],"predecessor-version":[{"id":214,"href":"https:\/\/unpcpourmoi.fr\/index.php?rest_route=\/wp\/v2\/pages\/67\/revisions\/214"}],"wp:attachment":[{"href":"https:\/\/unpcpourmoi.fr\/index.php?rest_route=%2Fwp%2Fv2%2Fmedia&parent=67"}],"curies":[{"name":"wp","href":"https:\/\/api.w.org\/{rel}","templated":true}]}}