{"id":71,"date":"2025-04-09T01:19:44","date_gmt":"2025-04-08T23:19:44","guid":{"rendered":"https:\/\/unpcpourmoi.fr\/?page_id=71"},"modified":"2025-09-16T23:21:08","modified_gmt":"2025-09-16T21:21:08","slug":"modifications","status":"publish","type":"page","link":"https:\/\/unpcpourmoi.fr\/?page_id=71","title":{"rendered":"Modification"},"content":{"rendered":"\n<div class=\"wp-block-buttons is-layout-flex wp-block-buttons-is-layout-flex\">\n<div class=\"wp-block-button has-custom-width wp-block-button__width-25 has-custom-font-size is-style-fill has-small-font-size\"><a class=\"wp-block-button__link has-luminous-vivid-amber-color has-text-color has-link-color has-text-align-center wp-element-button\" href=\"https:\/\/unpcpourmoi.fr\/?page_id=12\" style=\"padding-right:0;padding-left:0\">Contact<\/a><\/div>\n\n\n\n<div class=\"wp-block-button has-custom-width wp-block-button__width-50 has-custom-font-size has-small-font-size\"><a class=\"wp-block-button__link has-luminous-vivid-amber-color has-text-color has-link-color wp-element-button\" href=\"https:\/\/unpcpourmoi.fr\/?page_id=7\" style=\"border-style:none;border-width:0px;border-radius:0px;padding-top:0;padding-right:0;padding-bottom:0;padding-left:0\">Accueil<\/a><\/div>\n\n\n\n<div class=\"wp-block-button has-custom-width wp-block-button__width-25 has-custom-font-size has-small-font-size\"><a class=\"wp-block-button__link has-luminous-vivid-amber-color has-text-color has-link-color wp-element-button\" href=\"https:\/\/unpcpourmoi.fr\/?page_id=14\" style=\"padding-right:0;padding-left:0\">Service<\/a><\/div>\n<\/div>\n\n\n\n<p class=\"has-text-align-center has-border-color has-light-green-cyan-border-color\" style=\"border-width:1px\">UNPCPOURMOI<\/p>\n\n\n\n<h2 class=\"wp-block-heading has-text-align-center has-light-green-cyan-background-color has-background has-montserrat-font-family has-x-large-font-size\" style=\"text-decoration:underline\">Votre ordinateur m\u00e9rite mieux qu\u2019un remplacement : am\u00e9liorez-le !<\/h2>\n\n\n\n<p class=\"has-text-align-center has-border-color has-light-green-cyan-border-color\" style=\"border-width:1px;font-size:1.32rem\">Votre PC commence \u00e0 ralentir ? Vous avez besoin de plus de puissance pour vos jeux ou vos logiciels ? Inutile de tout changer : gr\u00e2ce \u00e0 la <strong>modification et l\u2019upgrade<\/strong>, je fais \u00e9voluer votre machine pour qu\u2019elle r\u00e9ponde \u00e0 vos besoins actuels.<\/p>\n\n\n\n<h2 class=\"wp-block-heading has-montserrat-font-family has-x-large-font-size\">\u2699\ufe0f Les possibilit\u00e9s de modification<\/h2>\n\n\n\n<ul class=\"wp-block-list\">\n<li class=\"has-montserrat-font-family has-medium-font-size\">\ud83d\udd39 <strong>Ajout ou remplacement de composants<\/strong> : processeur, carte graphique, m\u00e9moire vive (RAM), disque SSD\u2026<\/li>\n\n\n\n<li class=\"has-montserrat-font-family has-medium-font-size\">\ud83d\udd39 <strong>Optimisation du refroidissement<\/strong> : ajout de ventilateurs ou installation d\u2019un meilleur syst\u00e8me de refroidissement.<\/li>\n\n\n\n<li class=\"has-montserrat-font-family has-medium-font-size\">\ud83d\udd39 <strong>Am\u00e9lioration de la connectivit\u00e9<\/strong> : carte Wi-Fi, ports suppl\u00e9mentaires, etc.<\/li>\n\n\n\n<li class=\"has-montserrat-font-family has-medium-font-size\">\ud83d\udd39 <strong>Mise \u00e0 jour logicielle<\/strong> : installation d\u2019un nouvel OS ou configuration optimis\u00e9e.<\/li>\n<\/ul>\n\n\n\n<h2 class=\"wp-block-heading has-montserrat-font-family has-x-large-font-size\">\ud83c\udfaf Pourquoi modifier plut\u00f4t que remplacer ?<\/h2>\n\n\n\n<ul class=\"wp-block-list\">\n<li class=\"has-montserrat-font-family has-medium-font-size\">\u2705 <strong>\u00c9conomique<\/strong> : pas besoin d\u2019acheter un nouveau PC complet.<\/li>\n\n\n\n<li class=\"has-montserrat-font-family has-medium-font-size\">\u2705 <strong>\u00c9cologique<\/strong> : on garde une grande partie de votre machine.<\/li>\n\n\n\n<li class=\"has-montserrat-font-family has-medium-font-size\">\u2705 <strong>Sur-mesure<\/strong> : vous choisissez ce qui doit \u00e9voluer selon vos usages.<\/li>\n\n\n\n<li class=\"has-montserrat-font-family has-medium-font-size\">\u2705 <strong>Performance garantie<\/strong> : votre PC est remis au go\u00fbt du jour et gagne en rapidit\u00e9.<\/li>\n<\/ul>\n\n\n\n<h2 class=\"wp-block-heading has-montserrat-font-family has-x-large-font-size\">\ud83d\udca1 Exemple de situations fr\u00e9quentes<\/h2>\n\n\n\n<ul class=\"wp-block-list\">\n<li class=\"has-medium-font-size\">Un gamer qui souhaite am\u00e9liorer sa carte graphique pour les derniers jeux.<\/li>\n\n\n\n<li class=\"has-medium-font-size\">Un \u00e9tudiant qui veut un PC plus r\u00e9actif avec un SSD.<\/li>\n\n\n\n<li class=\"has-medium-font-size\">Un professionnel qui a besoin de plus de m\u00e9moire pour travailler plus vite.<\/li>\n<\/ul>\n\n\n\n<p class=\"has-text-align-center has-light-green-cyan-background-color has-background\"><a href=\"https:\/\/unpcpourmoi.fr\/?page_id=12\">\ud83d\udc49\u00a0<strong>Contactez-moi pour un diagnostic de votre PC actuel et je vous propose les meilleures options de mise \u00e0 niveau.<\/strong><\/a><\/p>\n\n\n\n<div class=\"wp-block-group alignfull is-layout-constrained wp-block-group-is-layout-constrained\">\n<div class=\"wp-block-group alignwide is-layout-flow wp-block-group-is-layout-flow\" style=\"padding-top:4rem;padding-bottom:4rem\">\n<ul class=\"wp-block-social-links has-icon-color has-icon-background-color is-content-justification-center is-layout-flex wp-container-core-social-links-is-layout-a89b3969 wp-block-social-links-is-layout-flex\"><li style=\"color:var(--wp--preset--color--foreground);background-color:var(--wp--preset--color--background);\" class=\"wp-social-link wp-social-link-instagram has-foreground-color has-background-background-color wp-block-social-link\"><a href=\"#\" class=\"wp-block-social-link-anchor\"><svg width=\"24\" height=\"24\" viewBox=\"0 0 24 24\" version=\"1.1\" xmlns=\"http:\/\/www.w3.org\/2000\/svg\" aria-hidden=\"true\" focusable=\"false\"><path d=\"M12,4.622c2.403,0,2.688,0.009,3.637,0.052c0.877,0.04,1.354,0.187,1.671,0.31c0.42,0.163,0.72,0.358,1.035,0.673 c0.315,0.315,0.51,0.615,0.673,1.035c0.123,0.317,0.27,0.794,0.31,1.671c0.043,0.949,0.052,1.234,0.052,3.637 s-0.009,2.688-0.052,3.637c-0.04,0.877-0.187,1.354-0.31,1.671c-0.163,0.42-0.358,0.72-0.673,1.035 c-0.315,0.315-0.615,0.51-1.035,0.673c-0.317,0.123-0.794,0.27-1.671,0.31c-0.949,0.043-1.233,0.052-3.637,0.052 s-2.688-0.009-3.637-0.052c-0.877-0.04-1.354-0.187-1.671-0.31c-0.42-0.163-0.72-0.358-1.035-0.673 c-0.315-0.315-0.51-0.615-0.673-1.035c-0.123-0.317-0.27-0.794-0.31-1.671C4.631,14.688,4.622,14.403,4.622,12 s0.009-2.688,0.052-3.637c0.04-0.877,0.187-1.354,0.31-1.671c0.163-0.42,0.358-0.72,0.673-1.035 c0.315-0.315,0.615-0.51,1.035-0.673c0.317-0.123,0.794-0.27,1.671-0.31C9.312,4.631,9.597,4.622,12,4.622 M12,3 C9.556,3,9.249,3.01,8.289,3.054C7.331,3.098,6.677,3.25,6.105,3.472C5.513,3.702,5.011,4.01,4.511,4.511 c-0.5,0.5-0.808,1.002-1.038,1.594C3.25,6.677,3.098,7.331,3.054,8.289C3.01,9.249,3,9.556,3,12c0,2.444,0.01,2.751,0.054,3.711 c0.044,0.958,0.196,1.612,0.418,2.185c0.23,0.592,0.538,1.094,1.038,1.594c0.5,0.5,1.002,0.808,1.594,1.038 c0.572,0.222,1.227,0.375,2.185,0.418C9.249,20.99,9.556,21,12,21s2.751-0.01,3.711-0.054c0.958-0.044,1.612-0.196,2.185-0.418 c0.592-0.23,1.094-0.538,1.594-1.038c0.5-0.5,0.808-1.002,1.038-1.594c0.222-0.572,0.375-1.227,0.418-2.185 C20.99,14.751,21,14.444,21,12s-0.01-2.751-0.054-3.711c-0.044-0.958-0.196-1.612-0.418-2.185c-0.23-0.592-0.538-1.094-1.038-1.594 c-0.5-0.5-1.002-0.808-1.594-1.038c-0.572-0.222-1.227-0.375-2.185-0.418C14.751,3.01,14.444,3,12,3L12,3z M12,7.378 c-2.552,0-4.622,2.069-4.622,4.622S9.448,16.622,12,16.622s4.622-2.069,4.622-4.622S14.552,7.378,12,7.378z M12,15 c-1.657,0-3-1.343-3-3s1.343-3,3-3s3,1.343,3,3S13.657,15,12,15z M16.804,6.116c-0.596,0-1.08,0.484-1.08,1.08 s0.484,1.08,1.08,1.08c0.596,0,1.08-0.484,1.08-1.08S17.401,6.116,16.804,6.116z\"><\/path><\/svg><span class=\"wp-block-social-link-label screen-reader-text\">Instagram<\/span><\/a><\/li>\n\n<li style=\"color:var(--wp--preset--color--foreground);background-color:var(--wp--preset--color--background);\" class=\"wp-social-link wp-social-link-facebook has-foreground-color has-background-background-color wp-block-social-link\"><a href=\"https:\/\/www.facebook.com\/profile.php?id=61575507867352&#038;sk=about\" class=\"wp-block-social-link-anchor\"><svg width=\"24\" height=\"24\" viewBox=\"0 0 24 24\" version=\"1.1\" xmlns=\"http:\/\/www.w3.org\/2000\/svg\" aria-hidden=\"true\" focusable=\"false\"><path d=\"M12 2C6.5 2 2 6.5 2 12c0 5 3.7 9.1 8.4 9.9v-7H7.9V12h2.5V9.8c0-2.5 1.5-3.9 3.8-3.9 1.1 0 2.2.2 2.2.2v2.5h-1.3c-1.2 0-1.6.8-1.6 1.6V12h2.8l-.4 2.9h-2.3v7C18.3 21.1 22 17 22 12c0-5.5-4.5-10-10-10z\"><\/path><\/svg><span class=\"wp-block-social-link-label screen-reader-text\">https:\/\/www.facebook.com\/profile.php?id=61575507867352&amp;sk=about<\/span><\/a><\/li><\/ul>\n\n\n\n<p class=\"has-text-align-center has-luminous-vivid-amber-color has-text-color has-link-color wp-elements-b5dd2a2d74d73b6ed5739e05e0b25718\" style=\"font-size:16px\">\u00a9 UnPcpourMoi<\/p>\n<\/div>\n<\/div>\n","protected":false},"excerpt":{"rendered":"<p>Votre ordinateur m\u00e9rite mieux qu\u2019un remplacement : am\u00e9liorez-le ! Votre PC commence \u00e0 ralentir ? Vous avez besoin de plus de puissance pour vos jeux ou vos logiciels ? Inutile de tout changer : gr\u00e2ce \u00e0 la modification et l\u2019upgrade, je fais \u00e9voluer votre machine pour qu\u2019elle r\u00e9ponde \u00e0 vos besoins actuels. \u2699\ufe0f Les possibilit\u00e9s [&hellip;]<\/p>\n","protected":false},"author":1,"featured_media":0,"parent":0,"menu_order":0,"comment_status":"closed","ping_status":"closed","template":"blank","meta":{"footnotes":""},"class_list":["post-71","page","type-page","status-publish","hentry"],"yoast_head":"<!-- This site is optimized with the Yoast SEO plugin v24.9 - https:\/\/yoast.com\/wordpress\/plugins\/seo\/ -->\n<title>Modification - UnPCPourmoi<\/title>\n<meta name=\"robots\" content=\"index, follow, max-snippet:-1, max-image-preview:large, max-video-preview:-1\" \/>\n<link rel=\"canonical\" href=\"https:\/\/unpcpourmoi.fr\/?page_id=71\" \/>\n<meta property=\"og:locale\" content=\"fr_FR\" \/>\n<meta property=\"og:type\" content=\"article\" \/>\n<meta property=\"og:title\" content=\"Modification - UnPCPourmoi\" \/>\n<meta property=\"og:description\" content=\"Votre ordinateur m\u00e9rite mieux qu\u2019un remplacement : am\u00e9liorez-le ! Votre PC commence \u00e0 ralentir ? Vous avez besoin de plus de puissance pour vos jeux ou vos logiciels ? Inutile de tout changer : gr\u00e2ce \u00e0 la modification et l\u2019upgrade, je fais \u00e9voluer votre machine pour qu\u2019elle r\u00e9ponde \u00e0 vos besoins actuels. \u2699\ufe0f Les possibilit\u00e9s [&hellip;]\" \/>\n<meta property=\"og:url\" content=\"https:\/\/unpcpourmoi.fr\/?page_id=71\" \/>\n<meta property=\"og:site_name\" content=\"UnPCPourmoi\" \/>\n<meta property=\"article:publisher\" content=\"https:\/\/www.facebook.com\/people\/Unpcpourmoi\/61575507867352\/#\" \/>\n<meta property=\"article:modified_time\" content=\"2025-09-16T21:21:08+00:00\" \/>\n<meta name=\"twitter:card\" content=\"summary_large_image\" \/>\n<meta name=\"twitter:label1\" content=\"Dur\u00e9e de lecture estim\u00e9e\" \/>\n\t<meta name=\"twitter:data1\" content=\"2 minutes\" \/>\n<script type=\"application\/ld+json\" class=\"yoast-schema-graph\">{\"@context\":\"https:\/\/schema.org\",\"@graph\":[{\"@type\":\"WebPage\",\"@id\":\"https:\/\/unpcpourmoi.fr\/?page_id=71\",\"url\":\"https:\/\/unpcpourmoi.fr\/?page_id=71\",\"name\":\"Modification - UnPCPourmoi\",\"isPartOf\":{\"@id\":\"https:\/\/unpcpourmoi.fr\/#website\"},\"datePublished\":\"2025-04-08T23:19:44+00:00\",\"dateModified\":\"2025-09-16T21:21:08+00:00\",\"breadcrumb\":{\"@id\":\"https:\/\/unpcpourmoi.fr\/?page_id=71#breadcrumb\"},\"inLanguage\":\"fr-FR\",\"potentialAction\":[{\"@type\":\"ReadAction\",\"target\":[\"https:\/\/unpcpourmoi.fr\/?page_id=71\"]}]},{\"@type\":\"BreadcrumbList\",\"@id\":\"https:\/\/unpcpourmoi.fr\/?page_id=71#breadcrumb\",\"itemListElement\":[{\"@type\":\"ListItem\",\"position\":1,\"name\":\"Accueil\",\"item\":\"https:\/\/unpcpourmoi.fr\/\"},{\"@type\":\"ListItem\",\"position\":2,\"name\":\"Modification\"}]},{\"@type\":\"WebSite\",\"@id\":\"https:\/\/unpcpourmoi.fr\/#website\",\"url\":\"https:\/\/unpcpourmoi.fr\/\",\"name\":\"UnPCPourmoi\",\"description\":\"UnPCPourmoi\",\"publisher\":{\"@id\":\"https:\/\/unpcpourmoi.fr\/#organization\"},\"potentialAction\":[{\"@type\":\"SearchAction\",\"target\":{\"@type\":\"EntryPoint\",\"urlTemplate\":\"https:\/\/unpcpourmoi.fr\/?s={search_term_string}\"},\"query-input\":{\"@type\":\"PropertyValueSpecification\",\"valueRequired\":true,\"valueName\":\"search_term_string\"}}],\"inLanguage\":\"fr-FR\"},{\"@type\":\"Organization\",\"@id\":\"https:\/\/unpcpourmoi.fr\/#organization\",\"name\":\"UnPCPourmoi\",\"url\":\"https:\/\/unpcpourmoi.fr\/\",\"logo\":{\"@type\":\"ImageObject\",\"inLanguage\":\"fr-FR\",\"@id\":\"https:\/\/unpcpourmoi.fr\/#\/schema\/logo\/image\/\",\"url\":\"https:\/\/unpcpourmoi.fr\/wp-content\/uploads\/2025\/04\/cropped-logo-3.png\",\"contentUrl\":\"https:\/\/unpcpourmoi.fr\/wp-content\/uploads\/2025\/04\/cropped-logo-3.png\",\"width\":512,\"height\":512,\"caption\":\"UnPCPourmoi\"},\"image\":{\"@id\":\"https:\/\/unpcpourmoi.fr\/#\/schema\/logo\/image\/\"},\"sameAs\":[\"https:\/\/www.facebook.com\/people\/Unpcpourmoi\/61575507867352\/#\"]}]}<\/script>\n<!-- \/ Yoast SEO plugin. -->","yoast_head_json":{"title":"Modification - UnPCPourmoi","robots":{"index":"index","follow":"follow","max-snippet":"max-snippet:-1","max-image-preview":"max-image-preview:large","max-video-preview":"max-video-preview:-1"},"canonical":"https:\/\/unpcpourmoi.fr\/?page_id=71","og_locale":"fr_FR","og_type":"article","og_title":"Modification - UnPCPourmoi","og_description":"Votre ordinateur m\u00e9rite mieux qu\u2019un remplacement : am\u00e9liorez-le ! Votre PC commence \u00e0 ralentir ? Vous avez besoin de plus de puissance pour vos jeux ou vos logiciels ? Inutile de tout changer : gr\u00e2ce \u00e0 la modification et l\u2019upgrade, je fais \u00e9voluer votre machine pour qu\u2019elle r\u00e9ponde \u00e0 vos besoins actuels. \u2699\ufe0f Les possibilit\u00e9s [&hellip;]","og_url":"https:\/\/unpcpourmoi.fr\/?page_id=71","og_site_name":"UnPCPourmoi","article_publisher":"https:\/\/www.facebook.com\/people\/Unpcpourmoi\/61575507867352\/#","article_modified_time":"2025-09-16T21:21:08+00:00","twitter_card":"summary_large_image","twitter_misc":{"Dur\u00e9e de lecture estim\u00e9e":"2 minutes"},"schema":{"@context":"https:\/\/schema.org","@graph":[{"@type":"WebPage","@id":"https:\/\/unpcpourmoi.fr\/?page_id=71","url":"https:\/\/unpcpourmoi.fr\/?page_id=71","name":"Modification - UnPCPourmoi","isPartOf":{"@id":"https:\/\/unpcpourmoi.fr\/#website"},"datePublished":"2025-04-08T23:19:44+00:00","dateModified":"2025-09-16T21:21:08+00:00","breadcrumb":{"@id":"https:\/\/unpcpourmoi.fr\/?page_id=71#breadcrumb"},"inLanguage":"fr-FR","potentialAction":[{"@type":"ReadAction","target":["https:\/\/unpcpourmoi.fr\/?page_id=71"]}]},{"@type":"BreadcrumbList","@id":"https:\/\/unpcpourmoi.fr\/?page_id=71#breadcrumb","itemListElement":[{"@type":"ListItem","position":1,"name":"Accueil","item":"https:\/\/unpcpourmoi.fr\/"},{"@type":"ListItem","position":2,"name":"Modification"}]},{"@type":"WebSite","@id":"https:\/\/unpcpourmoi.fr\/#website","url":"https:\/\/unpcpourmoi.fr\/","name":"UnPCPourmoi","description":"UnPCPourmoi","publisher":{"@id":"https:\/\/unpcpourmoi.fr\/#organization"},"potentialAction":[{"@type":"SearchAction","target":{"@type":"EntryPoint","urlTemplate":"https:\/\/unpcpourmoi.fr\/?s={search_term_string}"},"query-input":{"@type":"PropertyValueSpecification","valueRequired":true,"valueName":"search_term_string"}}],"inLanguage":"fr-FR"},{"@type":"Organization","@id":"https:\/\/unpcpourmoi.fr\/#organization","name":"UnPCPourmoi","url":"https:\/\/unpcpourmoi.fr\/","logo":{"@type":"ImageObject","inLanguage":"fr-FR","@id":"https:\/\/unpcpourmoi.fr\/#\/schema\/logo\/image\/","url":"https:\/\/unpcpourmoi.fr\/wp-content\/uploads\/2025\/04\/cropped-logo-3.png","contentUrl":"https:\/\/unpcpourmoi.fr\/wp-content\/uploads\/2025\/04\/cropped-logo-3.png","width":512,"height":512,"caption":"UnPCPourmoi"},"image":{"@id":"https:\/\/unpcpourmoi.fr\/#\/schema\/logo\/image\/"},"sameAs":["https:\/\/www.facebook.com\/people\/Unpcpourmoi\/61575507867352\/#"]}]}},"_links":{"self":[{"href":"https:\/\/unpcpourmoi.fr\/index.php?rest_route=\/wp\/v2\/pages\/71","targetHints":{"allow":["GET"]}}],"collection":[{"href":"https:\/\/unpcpourmoi.fr\/index.php?rest_route=\/wp\/v2\/pages"}],"about":[{"href":"https:\/\/unpcpourmoi.fr\/index.php?rest_route=\/wp\/v2\/types\/page"}],"author":[{"embeddable":true,"href":"https:\/\/unpcpourmoi.fr\/index.php?rest_route=\/wp\/v2\/users\/1"}],"replies":[{"embeddable":true,"href":"https:\/\/unpcpourmoi.fr\/index.php?rest_route=%2Fwp%2Fv2%2Fcomments&post=71"}],"version-history":[{"count":7,"href":"https:\/\/unpcpourmoi.fr\/index.php?rest_route=\/wp\/v2\/pages\/71\/revisions"}],"predecessor-version":[{"id":205,"href":"https:\/\/unpcpourmoi.fr\/index.php?rest_route=\/wp\/v2\/pages\/71\/revisions\/205"}],"wp:attachment":[{"href":"https:\/\/unpcpourmoi.fr\/index.php?rest_route=%2Fwp%2Fv2%2Fmedia&parent=71"}],"curies":[{"name":"wp","href":"https:\/\/api.w.org\/{rel}","templated":true}]}}